{"id":18358,"date":"2025-10-28T14:06:07","date_gmt":"2025-10-28T13:06:07","guid":{"rendered":"https:\/\/www.ibe-ag.com\/%e7%89%88%e6%9c%ac%e8%af%b4%e6%98%8e\/"},"modified":"2025-11-26T16:32:52","modified_gmt":"2025-11-26T15:32:52","slug":"%e7%89%88%e6%9c%ac%e8%af%b4%e6%98%8e","status":"publish","type":"page","link":"https:\/\/www.ibe-ag.com\/zh-hans\/%e7%89%88%e6%9c%ac%e8%af%b4%e6%98%8e\/","title":{"rendered":"\u7248\u672c\u8bf4\u660e"},"content":{"rendered":"\t\t<div data-elementor-type=\"wp-page\" data-elementor-id=\"18358\" class=\"elementor elementor-18358 elementor-18197\">\n\t\t\t\t        <section class=\"elementor-section elementor-top-section elementor-element elementor-element-d046999 elementor-section-stretched elementor-section-boxed elementor-section-height-default elementor-section-height-default pxl-row-scroll-none pxl-zoom-point-false pxl-section-overflow-visible\" data-id=\"d046999\" data-element_type=\"section\" data-settings=\"{&quot;stretch_section&quot;:&quot;section-stretched&quot;}\">\n\n                \n                <div class=\"elementor-container elementor-column-gap-extended \">\n                <div class=\"elementor-column elementor-col-100 elementor-top-column elementor-element elementor-element-78d7f55 pxl-column-none pxl-column-overflow-hidden-no\" data-id=\"78d7f55\" data-element_type=\"column\" data-settings=\"{&quot;background_background&quot;:&quot;classic&quot;}\">\r\n        <div class=\"elementor-widget-wrap elementor-element-populated\">\r\n                     \r\n        \t\t<div class=\"elementor-element elementor-element-caeae8c elementor-widget elementor-widget-pxl_heading\" data-id=\"caeae8c\" data-element_type=\"widget\" data-widget_type=\"pxl_heading.default\">\n\t\t\t\t<div class=\"elementor-widget-container\">\n\t\t\t\t\t\n<div id=\"pxl-pxl_heading-caeae8c-2261\" class=\"pxl-heading px-sub-title-default-style \">\n\t<div class=\"pxl-heading--inner\">\n\t\t\n\t\t<h3 class=\"pxl-item--title style-default ft-gt highlight-default pxl-split-text split-in-fade\" data-wow-delay=\"ms\">\n\t\t\t\t\t\t\tImpressum\t\n\t\t\t\t\n\t\t<\/h3>\n\t\t\n\t<\/div>\n<\/div>\t\t\t\t<\/div>\n\t\t\t\t<\/div>\n\t\t\t\t<div class=\"elementor-element elementor-element-44a765e elementor-widget elementor-widget-pxl_text_editor\" data-id=\"44a765e\" data-element_type=\"widget\" data-widget_type=\"pxl_text_editor.default\">\n\t\t\t\t<div class=\"elementor-widget-container\">\n\t\t\t\t\t<div class=\"pxl-text-editor\">\n\t<div class=\"pxl-item--inner  \" data-wow-delay=\"ms\">\n\t\t<p>Angaben gem. \u00a7 5 TMG<\/p><h4>Betreiber und Kontakt:<\/h4><p><strong>IBE-AG<\/strong><\/p><p>Im Speckf\u00f6hrt 1A<br \/>27374 Visselh\u00f6vede<br \/>Germany<\/p><p>Telefon: +49 (0) 4262 956 990<br \/>Fax: +49 (0) 4262 95 699 1<br \/>E-Mail-Adresse:<\/p><h4>Sitz und Registergericht:<\/h4><p>Visselh\u00f6vede HRB 21254<br \/>Umsatzsteuer-ID: DE 122794515<\/p><h3 data-start=\"244\" data-end=\"263\">Bildnachweise<\/h3><p data-start=\"264\" data-end=\"367\">Die auf dieser Website verwendeten Bilder, Grafiken und Designelemente stammen aus folgenden Quellen:<\/p><ul><li data-start=\"370\" data-end=\"458\"><strong data-start=\"370\" data-end=\"399\">Canva Pro (<a class=\"decorated-link cursor-pointer\" target=\"_new\" rel=\"noopener\" data-start=\"383\" data-end=\"396\">www.canva.com<\/a>)<\/strong> \u2013 Nutzung im Rahmen der g\u00fcltigen Canva-Lizenzbedingungen<\/li><li data-start=\"370\" data-end=\"458\"><strong data-start=\"461\" data-end=\"510\">Eigene Aufnahmen und Darstellungen der IBE AG<\/strong><\/li><li data-start=\"370\" data-end=\"458\"><strong data-start=\"515\" data-end=\"587\">Lizenzfreie und\/oder k\u00e4uflich erworbene Stockfotos weiterer Anbieter<\/strong>, sofern nicht anders gekennzeichnet<\/li><\/ul><p data-start=\"627\" data-end=\"901\">Alle verwendeten Medien werden ausschlie\u00dflich im Rahmen ihrer jeweiligen Lizenzrechte genutzt.<br data-start=\"721\" data-end=\"724\" \/>Sofern einzelne Bilder einer gesonderten Lizenzpflicht oder Namensnennung unterliegen (z. B. Creative-Commons-Lizenzen), wird der Urheber unmittelbar am jeweiligen Bild genannt.<\/p><h4><strong>Vertretungsberechtigter i.S.d. \u00a7 6 TDG:<\/strong><\/h4><p>Redaktioneller Inhalt, Gestaltung und Programmierung durch IBE AG<\/p><p><strong>Haftung<\/strong><br \/>Alle Angaben erfolgen nach bestem Wissen und ohne Gew\u00e4hr. F\u00fcr unverlangt eingesandte Bilder, Manuskripte, Datentr\u00e4ger und Produkte wird keine Haftung \u00fcbernommen.<\/p><p><strong>Urheberrecht<\/strong><br \/>Alle auf den IBE AG Internetseiten erscheinenden Beitr\u00e4ge sind urheberrechtlich gesch\u00fctzt.<\/p><p>Reproduktionen aller Art, auch \u00dcbersetzungen, bed\u00fcrfen der schriftlichen Genehmigung der IBE AG.<br \/>Aus der Ver\u00f6ffentlichung kann nicht geschlossen werden, dass die beschriebene L\u00f6sung oder verwendete Bezeichnung frei von gewerblichen Schutzrechten sind.<br \/>Bei Verwendung fremder Firmenlogos werden die damit verbundenen Schutzrechte anerkannt.<\/p>\t\t\n\t<\/div>\n<\/div>\t\t\t\t<\/div>\n\t\t\t\t<\/div>\n\t\t            <\/div>\r\n        <\/div>\r\n        \t\t\t<\/div>\n\t\t<\/section>\n\t\t\t\t<\/div>\n\t\t","protected":false},"excerpt":{"rendered":"<p>Impressum Angaben gem. \u00a7 5 TMG Betreiber und Kontakt: I [&hellip;]<\/p>\n","protected":false},"author":1,"featured_media":0,"parent":0,"menu_order":0,"comment_status":"closed","ping_status":"open","template":"","meta":{"footnotes":""},"class_list":["post-18358","page","type-page","status-publish","hentry"],"yoast_head":"<!-- This site is optimized with the Yoast SEO plugin v26.4 - https:\/\/yoast.com\/wordpress\/plugins\/seo\/ -->\n<title>\u7248\u672c\u8bf4\u660e - IBE AG<\/title>\n<meta name=\"robots\" content=\"index, follow, max-snippet:-1, max-image-preview:large, max-video-preview:-1\" \/>\n<link rel=\"canonical\" href=\"https:\/\/www.ibe-ag.com\/zh-hans\/%e7%89%88%e6%9c%ac%e8%af%b4%e6%98%8e\/\" \/>\n<meta property=\"og:locale\" content=\"zh_CN\" \/>\n<meta property=\"og:type\" content=\"article\" \/>\n<meta property=\"og:title\" content=\"\u7248\u672c\u8bf4\u660e - IBE AG\" \/>\n<meta property=\"og:description\" content=\"Impressum Angaben gem. \u00a7 5 TMG Betreiber und Kontakt: I [&hellip;]\" \/>\n<meta property=\"og:url\" content=\"https:\/\/www.ibe-ag.com\/zh-hans\/%e7%89%88%e6%9c%ac%e8%af%b4%e6%98%8e\/\" \/>\n<meta property=\"og:site_name\" content=\"IBE AG\" \/>\n<meta property=\"article:modified_time\" content=\"2025-11-26T15:32:52+00:00\" \/>\n<meta name=\"twitter:card\" content=\"summary_large_image\" \/>\n<meta name=\"twitter:label1\" content=\"\u9884\u8ba1\u9605\u8bfb\u65f6\u95f4\" \/>\n\t<meta name=\"twitter:data1\" content=\"1 \u5206\" \/>\n<script type=\"application\/ld+json\" class=\"yoast-schema-graph\">{\"@context\":\"https:\/\/schema.org\",\"@graph\":[{\"@type\":\"WebPage\",\"@id\":\"https:\/\/www.ibe-ag.com\/zh-hans\/%e7%89%88%e6%9c%ac%e8%af%b4%e6%98%8e\/\",\"url\":\"https:\/\/www.ibe-ag.com\/zh-hans\/%e7%89%88%e6%9c%ac%e8%af%b4%e6%98%8e\/\",\"name\":\"\u7248\u672c\u8bf4\u660e - IBE AG\",\"isPartOf\":{\"@id\":\"https:\/\/www.ibe-ag.com\/zh-hans\/#website\"},\"datePublished\":\"2025-10-28T13:06:07+00:00\",\"dateModified\":\"2025-11-26T15:32:52+00:00\",\"breadcrumb\":{\"@id\":\"https:\/\/www.ibe-ag.com\/zh-hans\/%e7%89%88%e6%9c%ac%e8%af%b4%e6%98%8e\/#breadcrumb\"},\"inLanguage\":\"zh-Hans\",\"potentialAction\":[{\"@type\":\"ReadAction\",\"target\":[\"https:\/\/www.ibe-ag.com\/zh-hans\/%e7%89%88%e6%9c%ac%e8%af%b4%e6%98%8e\/\"]}]},{\"@type\":\"BreadcrumbList\",\"@id\":\"https:\/\/www.ibe-ag.com\/zh-hans\/%e7%89%88%e6%9c%ac%e8%af%b4%e6%98%8e\/#breadcrumb\",\"itemListElement\":[{\"@type\":\"ListItem\",\"position\":1,\"name\":\"Startseite\",\"item\":\"https:\/\/www.ibe-ag.com\/zh-hans\/\"},{\"@type\":\"ListItem\",\"position\":2,\"name\":\"\u7248\u672c\u8bf4\u660e\"}]},{\"@type\":\"WebSite\",\"@id\":\"https:\/\/www.ibe-ag.com\/zh-hans\/#website\",\"url\":\"https:\/\/www.ibe-ag.com\/zh-hans\/\",\"name\":\"IBE AG\",\"description\":\"IT-L\u00f6sungen\",\"publisher\":{\"@id\":\"https:\/\/www.ibe-ag.com\/zh-hans\/#organization\"},\"alternateName\":\"IBE AG\",\"potentialAction\":[{\"@type\":\"SearchAction\",\"target\":{\"@type\":\"EntryPoint\",\"urlTemplate\":\"https:\/\/www.ibe-ag.com\/zh-hans\/?s={search_term_string}\"},\"query-input\":{\"@type\":\"PropertyValueSpecification\",\"valueRequired\":true,\"valueName\":\"search_term_string\"}}],\"inLanguage\":\"zh-Hans\"},{\"@type\":\"Organization\",\"@id\":\"https:\/\/www.ibe-ag.com\/zh-hans\/#organization\",\"name\":\"IBE AG\",\"url\":\"https:\/\/www.ibe-ag.com\/zh-hans\/\",\"logo\":{\"@type\":\"ImageObject\",\"inLanguage\":\"zh-Hans\",\"@id\":\"https:\/\/www.ibe-ag.com\/zh-hans\/#\/schema\/logo\/image\/\",\"url\":\"https:\/\/www.ibe-ag.com\/wp-content\/uploads\/2024\/06\/IBE_Favicon.svg\",\"contentUrl\":\"https:\/\/www.ibe-ag.com\/wp-content\/uploads\/2024\/06\/IBE_Favicon.svg\",\"width\":513,\"height\":512,\"caption\":\"IBE AG\"},\"image\":{\"@id\":\"https:\/\/www.ibe-ag.com\/zh-hans\/#\/schema\/logo\/image\/\"}}]}<\/script>\n<!-- \/ Yoast SEO plugin. -->","yoast_head_json":{"title":"\u7248\u672c\u8bf4\u660e - IBE AG","robots":{"index":"index","follow":"follow","max-snippet":"max-snippet:-1","max-image-preview":"max-image-preview:large","max-video-preview":"max-video-preview:-1"},"canonical":"https:\/\/www.ibe-ag.com\/zh-hans\/%e7%89%88%e6%9c%ac%e8%af%b4%e6%98%8e\/","og_locale":"zh_CN","og_type":"article","og_title":"\u7248\u672c\u8bf4\u660e - IBE AG","og_description":"Impressum Angaben gem. \u00a7 5 TMG Betreiber und Kontakt: I [&hellip;]","og_url":"https:\/\/www.ibe-ag.com\/zh-hans\/%e7%89%88%e6%9c%ac%e8%af%b4%e6%98%8e\/","og_site_name":"IBE AG","article_modified_time":"2025-11-26T15:32:52+00:00","twitter_card":"summary_large_image","twitter_misc":{"\u9884\u8ba1\u9605\u8bfb\u65f6\u95f4":"1 \u5206"},"schema":{"@context":"https:\/\/schema.org","@graph":[{"@type":"WebPage","@id":"https:\/\/www.ibe-ag.com\/zh-hans\/%e7%89%88%e6%9c%ac%e8%af%b4%e6%98%8e\/","url":"https:\/\/www.ibe-ag.com\/zh-hans\/%e7%89%88%e6%9c%ac%e8%af%b4%e6%98%8e\/","name":"\u7248\u672c\u8bf4\u660e - IBE AG","isPartOf":{"@id":"https:\/\/www.ibe-ag.com\/zh-hans\/#website"},"datePublished":"2025-10-28T13:06:07+00:00","dateModified":"2025-11-26T15:32:52+00:00","breadcrumb":{"@id":"https:\/\/www.ibe-ag.com\/zh-hans\/%e7%89%88%e6%9c%ac%e8%af%b4%e6%98%8e\/#breadcrumb"},"inLanguage":"zh-Hans","potentialAction":[{"@type":"ReadAction","target":["https:\/\/www.ibe-ag.com\/zh-hans\/%e7%89%88%e6%9c%ac%e8%af%b4%e6%98%8e\/"]}]},{"@type":"BreadcrumbList","@id":"https:\/\/www.ibe-ag.com\/zh-hans\/%e7%89%88%e6%9c%ac%e8%af%b4%e6%98%8e\/#breadcrumb","itemListElement":[{"@type":"ListItem","position":1,"name":"Startseite","item":"https:\/\/www.ibe-ag.com\/zh-hans\/"},{"@type":"ListItem","position":2,"name":"\u7248\u672c\u8bf4\u660e"}]},{"@type":"WebSite","@id":"https:\/\/www.ibe-ag.com\/zh-hans\/#website","url":"https:\/\/www.ibe-ag.com\/zh-hans\/","name":"IBE AG","description":"IT-L\u00f6sungen","publisher":{"@id":"https:\/\/www.ibe-ag.com\/zh-hans\/#organization"},"alternateName":"IBE AG","potentialAction":[{"@type":"SearchAction","target":{"@type":"EntryPoint","urlTemplate":"https:\/\/www.ibe-ag.com\/zh-hans\/?s={search_term_string}"},"query-input":{"@type":"PropertyValueSpecification","valueRequired":true,"valueName":"search_term_string"}}],"inLanguage":"zh-Hans"},{"@type":"Organization","@id":"https:\/\/www.ibe-ag.com\/zh-hans\/#organization","name":"IBE AG","url":"https:\/\/www.ibe-ag.com\/zh-hans\/","logo":{"@type":"ImageObject","inLanguage":"zh-Hans","@id":"https:\/\/www.ibe-ag.com\/zh-hans\/#\/schema\/logo\/image\/","url":"https:\/\/www.ibe-ag.com\/wp-content\/uploads\/2024\/06\/IBE_Favicon.svg","contentUrl":"https:\/\/www.ibe-ag.com\/wp-content\/uploads\/2024\/06\/IBE_Favicon.svg","width":513,"height":512,"caption":"IBE AG"},"image":{"@id":"https:\/\/www.ibe-ag.com\/zh-hans\/#\/schema\/logo\/image\/"}}]}},"_links":{"self":[{"href":"https:\/\/www.ibe-ag.com\/zh-hans\/wp-json\/wp\/v2\/pages\/18358","targetHints":{"allow":["GET"]}}],"collection":[{"href":"https:\/\/www.ibe-ag.com\/zh-hans\/wp-json\/wp\/v2\/pages"}],"about":[{"href":"https:\/\/www.ibe-ag.com\/zh-hans\/wp-json\/wp\/v2\/types\/page"}],"author":[{"embeddable":true,"href":"https:\/\/www.ibe-ag.com\/zh-hans\/wp-json\/wp\/v2\/users\/1"}],"replies":[{"embeddable":true,"href":"https:\/\/www.ibe-ag.com\/zh-hans\/wp-json\/wp\/v2\/comments?post=18358"}],"version-history":[{"count":2,"href":"https:\/\/www.ibe-ag.com\/zh-hans\/wp-json\/wp\/v2\/pages\/18358\/revisions"}],"predecessor-version":[{"id":18363,"href":"https:\/\/www.ibe-ag.com\/zh-hans\/wp-json\/wp\/v2\/pages\/18358\/revisions\/18363"}],"wp:attachment":[{"href":"https:\/\/www.ibe-ag.com\/zh-hans\/wp-json\/wp\/v2\/media?parent=18358"}],"curies":[{"name":"wp","href":"https:\/\/api.w.org\/{rel}","templated":true}]}}